{"id":31,"date":"2014-06-12T05:14:16","date_gmt":"2014-06-12T05:14:16","guid":{"rendered":"http:\/\/neio.ee\/pagar\/?page_id=31"},"modified":"2014-06-12T05:45:16","modified_gmt":"2014-06-12T05:45:16","slug":"toodangu-koostised","status":"publish","type":"page","link":"http:\/\/neio.ee\/pagar\/toodangu-koostised\/","title":{"rendered":"Toodangu koostised"},"content":{"rendered":"<table style=\"border-collapse: collapse; width: 423pt;\" border=\"0\" width=\"564\" cellspacing=\"0\" cellpadding=\"0\">\n<tbody>\n<tr style=\"height: 23.25pt;\">\n<td style=\"height: 23.25pt; width: 423pt;\" width=\"564\" height=\"31\"><strong>Stritslid ja kringlid.<\/strong><\/p>\n<table style=\"height: 492px;\" border=\"0\" width=\"681\" cellspacing=\"0\" cellpadding=\"0\">\n<colgroup>\n<col width=\"121\" \/>\n<col width=\"564\" \/> <\/colgroup>\n<tbody>\n<tr>\n<td width=\"121\" height=\"17\">Stritsel<\/td>\n<td width=\"564\">Nisujahu,\u00a0 rosinad, suhkur, margariin, kogumunamass, p\u00e4rm, kaneel, keedusool<\/td>\n<\/tr>\n<tr>\n<td rowspan=\"2\" height=\"34\">Glasuurstritsel<\/td>\n<td>Nisujahu, glasuur(18%)(tuhksuhkur,\u00a0 kakao),\u00a0 rosinad, suhkur, margariin,<\/td>\n<\/tr>\n<tr>\n<td height=\"17\">kogumunamass, p\u00e4rm, kaneel, keedusool.<\/td>\n<\/tr>\n<tr>\n<td height=\"17\">\u00d5unastritsel,<span style=\"font-size: 11px; line-height: normal;\">\u00d5unap\u00e4rg<\/span><\/td>\n<td style=\"text-align: justify;\">Nisujahu, \u00f5unad(18%),\u00a0\u00a0 suhkur, margariin, rosinad, kogumunamass, p\u00e4rm,<span style=\"font-size: 11px; line-height: normal;\">\u017eeleepulber, kaneel,\u00a0 keedusool.<\/span><\/td>\n<\/tr>\n<tr>\n<td height=\"17\"><\/td>\n<td><\/td>\n<\/tr>\n<tr>\n<td height=\"17\">Juustustritsel,<span style=\"font-size: 11px; line-height: normal;\">Juustukringel<\/span><\/td>\n<td>Nisujahu,\u00a0 juust(15%), margariin, suhkur, p\u00e4rm, keedusool, muna.<\/td>\n<\/tr>\n<tr>\n<td height=\"17\"><\/td>\n<td><\/td>\n<\/tr>\n<tr>\n<td height=\"17\">Pitsastritsel, <span style=\"font-size: 11px; line-height: normal;\">Pitsakringel<\/span><\/td>\n<td>Nisujahu,\u00a0 broileriliha, juust, margariin, sink, marineeritud kurk, paprika,suhkur,<span style=\"font-size: 11px; line-height: normal;\">ket\u0161up, riis, p\u00e4rm, keedusool, sibul, muna, maitseained.<\/span><\/td>\n<\/tr>\n<tr>\n<td height=\"17\"><\/td>\n<td><\/td>\n<\/tr>\n<tr>\n<td height=\"17\">Martsipanikringel<\/td>\n<td>Martsipanimaitseline t\u00e4idis(aprikoosis\u00fcdamikud, suhkur, s\u00e4ilitusaine E202), nisujahu,<\/td>\n<\/tr>\n<tr>\n<td height=\"17\">Martsipanisai<\/td>\n<td>suhkur, mandlilaast, margariin, valge glasuur, t\u00e4ismunamass, p\u00e4rm, keedusool.<\/td>\n<\/tr>\n<tr>\n<td width=\"121\" height=\"17\">Vaniljekreemi <span style=\"font-size: 11px; line-height: normal;\">kringel,-stritsel<\/span><\/td>\n<td>Nisujahu, vaniljekreem 30%, suhkur, margariin, rosinad, kogumunamass, p\u00e4rm, keedusool.<\/td>\n<\/tr>\n<tr>\n<td width=\"121\" height=\"17\"><\/td>\n<td><\/td>\n<\/tr>\n<tr>\n<td rowspan=\"2\" height=\"34\">Kringel<\/td>\n<td>Nisujahu,\u00a0 suhkur, rosinad, margariin, maap\u00e4hklid, kogumunamass, p\u00e4rm,<\/td>\n<\/tr>\n<tr>\n<td height=\"17\">kakao, kaneel, keedusool.<\/td>\n<\/tr>\n<tr>\n<td height=\"17\">Kodukringel<\/td>\n<td>Nisujahu, linnuhakkliha, porgand, sibul, margariin, toidu\u00f5li, t\u00e4ismunamass, suhkur, p\u00e4rm,<span style=\"font-size: 11px; line-height: normal;\">keedusool.<\/span><\/td>\n<\/tr>\n<tr>\n<td height=\"17\"><\/td>\n<td><\/td>\n<\/tr>\n<\/tbody>\n<\/table>\n<table style=\"border-collapse: collapse; width: 423pt;\" border=\"0\" width=\"564\" cellspacing=\"0\" cellpadding=\"0\">\n<tbody>\n<tr style=\"height: 23.25pt;\">\n<td style=\"height: 23.25pt; width: 423pt;\" width=\"564\" height=\"31\"><strong>V\u00e4ikesaiad<\/strong><\/td>\n<\/tr>\n<\/tbody>\n<\/table>\n<table border=\"0\" width=\"685\" cellspacing=\"0\" cellpadding=\"0\">\n<colgroup>\n<col width=\"121\" \/>\n<col width=\"564\" \/> <\/colgroup>\n<tbody>\n<tr>\n<td width=\"121\" height=\"17\">Kreemisai<\/td>\n<td width=\"564\">Nisujahu,\u00a0 suhkur, margariin, piim, kogumunamass, manna, p\u00e4rm, keedusool, vaniliin.<\/td>\n<\/tr>\n<tr>\n<td height=\"17\">Lehesai<\/td>\n<td>Nisujahu,\u00a0 \u00f5unamoos, suhkur, margariin, kogumunamass, p\u00e4rm, keedusool,<\/td>\n<\/tr>\n<tr>\n<td height=\"17\">\u00d5unarull<\/td>\n<td>Nisujahu, \u00f5unad(20%),\u00a0 suhkur, margariin, kogumunamass, p\u00e4rm, kaneel, keedusool.<\/td>\n<\/tr>\n<tr>\n<td height=\"17\">Vaniljetasku<\/td>\n<td>Nisujahu, vaniljekreem 30%, suhkur, margariin, kogumunamass, p\u00e4rm, keedusool.<\/td>\n<\/tr>\n<tr>\n<td height=\"17\">Kaneelirull<\/td>\n<td>Nisujahu,\u00a0 suhkur, margariin, kogumunamass, p\u00e4rm, kaneel, keedusool.<\/td>\n<\/tr>\n<tr>\n<td height=\"17\">Moonirull<\/td>\n<td>Nisujahu,\u00a0 suhkur, margariin, kogumunamass, p\u00e4rm, moon, keedusool.<\/td>\n<\/tr>\n<tr>\n<td height=\"17\">Glasuurkaneelirull<\/td>\n<td>Nisujahu,\u00a0 suhkur, margariin, kogumunamass, p\u00e4rm, kakao, kaneel, keedusool.<\/td>\n<\/tr>\n<tr>\n<td height=\"17\">V\u00f5ideroos<\/td>\n<td>Nisujahu,\u00a0 margariin, suhkur, p\u00e4rm, keedusool, t\u00e4ismunamass.<\/td>\n<\/tr>\n<tr>\n<td height=\"17\">Juustusai<\/td>\n<td>Nisujahu,\u00a0 juust(14%), margariin, suhkur, p\u00e4rm, keedusool, muna.<\/td>\n<\/tr>\n<\/tbody>\n<\/table>\n<table style=\"border-collapse: collapse; width: 423pt;\" border=\"0\" width=\"564\" cellspacing=\"0\" cellpadding=\"0\">\n<tbody>\n<tr style=\"height: 23.25pt;\">\n<td style=\"height: 23.25pt; width: 423pt;\" width=\"564\" height=\"31\"><strong>Pirukad ja struudlid<\/strong><\/td>\n<\/tr>\n<\/tbody>\n<\/table>\n<table border=\"0\" width=\"685\" cellspacing=\"0\" cellpadding=\"0\">\n<colgroup>\n<col width=\"121\" \/>\n<col width=\"564\" \/> <\/colgroup>\n<tbody>\n<tr>\n<td width=\"121\" height=\"17\">Kapsapirukas<\/td>\n<td width=\"564\">Nisujahu, kapsas(22%),\u00a0 margariin, munad, suhkur, p\u00e4rm, toidu\u00f5li, keedusool, must pipar.<\/td>\n<\/tr>\n<tr>\n<td height=\"17\">Kapsasstruudel<\/td>\n<td>Nisujahu, kapsas(30%),\u00a0 margariin, munad, suhkur, p\u00e4rm, toidu\u00f5li, keedusool, must pipar.<\/td>\n<\/tr>\n<tr>\n<td height=\"17\">Porgandipirukas<\/td>\n<td>Nisujahu, porgand(26%),\u00a0 margariin, munad, suhkur, p\u00e4rm, toidu\u00f5li, keedusool.<\/td>\n<\/tr>\n<tr>\n<td height=\"17\">Porgandistruudel<\/td>\n<td>Nisujahu, porgand(30%),\u00a0 margariin, munad, suhkur, p\u00e4rm, toidu\u00f5li, keedusool.<\/td>\n<\/tr>\n<tr>\n<td height=\"17\">Riisipirukas<\/td>\n<td>Nisujahu, margariin, riis(7%), munad, suhkur, p\u00e4rm, toidu\u00f5li, keedusool.<\/td>\n<\/tr>\n<tr>\n<td height=\"17\">Viineripirukas<\/td>\n<td>Nisujahu, viiner(25%), margariin, suhkur, p\u00e4rm, keedusool.<\/td>\n<\/tr>\n<tr>\n<td height=\"17\">Lihapirukas<\/td>\n<td>Nisujahu, broileriliha(10%), sealiha(5%), veiseliha(5%), margariin, suhkur, sibul, p\u00e4rm,<\/td>\n<\/tr>\n<tr>\n<td height=\"17\"><\/td>\n<td>keedusool, munamass.<\/td>\n<\/tr>\n<tr>\n<td height=\"17\">Kohupiimapirukas<\/td>\n<td>Nisujahu, kohupiim(23%), suhkur, margariin, munad, p\u00e4rm, keedusool.<\/td>\n<\/tr>\n<tr>\n<td height=\"17\">Singipirukas<\/td>\n<td>Nisujahu, seasink(30%), margariin, suhkur, p\u00e4rm, toidu, keedusool, muna.<\/td>\n<\/tr>\n<tr>\n<td height=\"17\">Tuunikalapirukas<\/td>\n<td>Nisujahu, tuunikala konserv \u00f5lis(14%), muna, sibul, riis, suhkur, p\u00e4rm, keedusool, t\u00e4ismunamass,<\/td>\n<\/tr>\n<tr>\n<td height=\"17\">Porrulaugupirukas<\/td>\n<td>Nisujahu, porrulauk(22%),margariin, munad, suhkur, p\u00e4rm, keedusool, must pipar.<\/td>\n<\/tr>\n<tr>\n<td height=\"17\">Kilu-munapirukas<\/td>\n<td>Nisujahu, kilu(11%), muna(14%), margariin, v\u00f5i, suhkur, p\u00e4rm, keedusool.<\/td>\n<\/tr>\n<tr>\n<td rowspan=\"2\" height=\"34\">Kodupirukas<\/td>\n<td>Nisujahu, linnuhakkliha, porgand, sibul, margariin, toidu\u00f5li, t\u00e4ismunamass, suhkur, p\u00e4rm,<\/td>\n<\/tr>\n<tr>\n<td height=\"17\">keedusool.<\/td>\n<\/tr>\n<tr>\n<td height=\"17\">Kotletipirukas<\/td>\n<td>Nisujahu, broileriliha, juust, ket\u0161up, veiseliha, sealiha, margariin, sibul, suhkur, p\u00e4rm, keedusool.<\/td>\n<\/tr>\n<tr>\n<td height=\"17\">Pitsarull<\/td>\n<td>Nisujahu, broileriliha, juust, margariin, sink, marineeritud kurk, paprika, suhkur,<\/td>\n<\/tr>\n<tr>\n<td height=\"17\"><\/td>\n<td>ket\u0161up, riis, p\u00e4rm, keedusool, sibul, muna, maitseained<\/td>\n<\/tr>\n<tr>\n<td height=\"17\">Minipitsa<\/td>\n<td>Nisujahu, vesi, broileriliha, juust, margariin, sink, marineeritud kurk, paprika, suhkur,<\/td>\n<\/tr>\n<tr>\n<td height=\"17\"><\/td>\n<td>ket\u0161up, riis, p\u00e4rm, keedusool, sibul, muna, maitseained<\/td>\n<\/tr>\n<\/tbody>\n<\/table>\n<table style=\"border-collapse: collapse; width: 423pt;\" border=\"0\" width=\"564\" cellspacing=\"0\" cellpadding=\"0\">\n<tbody>\n<tr style=\"height: 23.25pt;\">\n<td style=\"height: 23.25pt; width: 423pt;\" width=\"564\" height=\"31\"><strong>Koogid<\/strong><\/td>\n<\/tr>\n<\/tbody>\n<\/table>\n<table border=\"0\" width=\"685\" cellspacing=\"0\" cellpadding=\"0\">\n<colgroup>\n<col width=\"121\" \/>\n<col width=\"564\" \/> <\/colgroup>\n<tbody>\n<tr>\n<td width=\"121\" height=\"17\">Aleksandrikook<\/td>\n<td width=\"564\">Nisujahu, suhkur, margariin, \u00f5unamoos, muna, kakao, s\u00f6\u00f6gisooda.<\/td>\n<\/tr>\n<tr>\n<td height=\"17\">Mandlikook<\/td>\n<td>Suhkur, nisujahu, munad, mandlijahu, margariin, s\u00f6\u00f6gisooda, keedusool.<\/td>\n<\/tr>\n<tr>\n<td height=\"17\">Liivariba<\/td>\n<td>Nisujahu, \u00f5unamoos, margariin, suhkur, t\u00e4ismunamass, s\u00f6\u00f6gisooda, keedusool.<\/td>\n<\/tr>\n<tr>\n<td height=\"17\">\u0160otsnik<\/td>\n<td>Nisujahu, kohupiim, margariin, suhkur, munad, s\u00f6\u00f6gisooda, keedusool, vaniliin<\/td>\n<\/tr>\n<tr>\n<td height=\"17\">Keeks<\/td>\n<td>Nisujahu, suhkur, margariin, kogumunamass, tuhksuhkur, toidu\u00f5li, k\u00fcpsetuspulber, vaniliin.<\/td>\n<\/tr>\n<tr>\n<td height=\"17\">Rosinakeeks<\/td>\n<td>Nisujahu, suhkur, margariin, kogumunamass, rosinad(10%), tuhksuhkur, toidu\u00f5li,<\/td>\n<\/tr>\n<tr>\n<td height=\"17\"><\/td>\n<td>k\u00fcpsetuspulber, vaniliin.<\/td>\n<\/tr>\n<tr>\n<td height=\"17\">Rummikook<\/td>\n<td>Biskviidipuru, margariin, kakao, tuhksuhkur, valge glasuur, rummiessents.<\/td>\n<\/tr>\n<tr>\n<td height=\"17\">Puuviljakook<\/td>\n<td>Nisujahu, suhkur,margariin, t\u00e4ismunamass, maasikad, kiivid, aedmarjamoos, vaniljekreem,<\/td>\n<\/tr>\n<tr>\n<td height=\"17\"><\/td>\n<td>\u017eelee, s\u00f6\u00f6gisooda, keedusool, vaniliin.<\/td>\n<\/tr>\n<tr>\n<td height=\"17\">Kohupiimatasku<\/td>\n<td>Kohupiim, taimne vahukoor,\u00a0 segu taskute ja ekleeride valmistamiseks, suhkur, vaniliin.<\/td>\n<\/tr>\n<tr>\n<td height=\"17\">Moorapea<\/td>\n<td>Tuhksuhkur, nisujahu, suhkur, t\u00e4ismunamass, kakao, margariin.<\/td>\n<\/tr>\n<tr>\n<td height=\"17\">Puuviljakorvike<\/td>\n<td>Nisujahu, suhkur, margariin, puuviljad v\u00f5i puuviljakompott, \u017eelee, t\u00e4ismunamass, vaniljekreem,<\/td>\n<\/tr>\n<tr>\n<td height=\"17\"><\/td>\n<td>s\u00f6\u00f6gisooda.<\/td>\n<\/tr>\n<tr>\n<td height=\"17\">Kihiline k\u00fcpsis<\/td>\n<td>Aedmarjamoos, t\u00e4ismunamass, tume glasuur, nisujahu, suhkur, margariin.<\/td>\n<\/tr>\n<tr>\n<td height=\"17\">P\u00e4hkli kihiline<\/td>\n<td>\u00d5unamoos, kogumunamass, nisujahu, suhkur, margariin, maap\u00e4hkel (10%).<\/td>\n<\/tr>\n<tr>\n<td height=\"17\">Pr\u00e4\u00e4nikukook<\/td>\n<td>Nisujahu, suhkur, \u00f5unamoos, margariin, s\u00f6\u00f6gisooda, sidrunhape.<\/td>\n<\/tr>\n<tr>\n<td height=\"17\">Kohupiimakook<\/td>\n<td>Kohupiim(50%), suhkur, munad, nisujahu, rosinad, margariin, taimne vahukoor, manna,<\/td>\n<\/tr>\n<tr>\n<td height=\"17\"><\/td>\n<td>s\u00f6\u00f6gisooda, sool.<\/td>\n<\/tr>\n<tr>\n<td height=\"17\">Jogurtikook<\/td>\n<td>Jogurt(40%), taimne vahukoor, maasikad, t\u00e4ismunamass, suhkur, jahu, \u017eelatiin.<\/td>\n<\/tr>\n<tr>\n<td height=\"17\">P\u00e4hklikook<\/td>\n<td>T\u00e4ismunamass, suhkur, nisujahu, margariin, maap\u00e4hklid(5,5%),\u00a0 vaniljekreem, kakao,<\/td>\n<\/tr>\n<tr>\n<td height=\"17\"><\/td>\n<td>rummiessents.<\/td>\n<\/tr>\n<tr>\n<td height=\"17\">Rull<\/td>\n<td>Kogumunamass, suhkur, nisujahu, aedmarjamoos,\u00a0 margariin, vaniljekreem, t\u00e4rklis.<\/td>\n<\/tr>\n<tr>\n<td height=\"17\">keedisekreemiga<\/td>\n<td><\/td>\n<\/tr>\n<tr>\n<td height=\"17\">Rull kohupiimaga<\/td>\n<td>Kohupiim(35%), t\u00e4ismunamass, suhkur, nisujahu, t\u00e4rklis, dekoratiiv tuhksuhkur, tume glasuur.<\/td>\n<\/tr>\n<\/tbody>\n<\/table>\n<table style=\"border-collapse: collapse; width: 423pt;\" border=\"0\" width=\"564\" cellspacing=\"0\" cellpadding=\"0\">\n<tbody>\n<tr style=\"height: 23.25pt;\">\n<td style=\"height: 23.25pt; width: 423pt;\" width=\"564\" height=\"31\"><strong>Tordid<\/strong><\/td>\n<\/tr>\n<\/tbody>\n<\/table>\n<table border=\"0\" width=\"685\" cellspacing=\"0\" cellpadding=\"0\">\n<colgroup>\n<col width=\"121\" \/>\n<col width=\"564\" \/> <\/colgroup>\n<tbody>\n<tr>\n<td width=\"121\" height=\"17\">&#8220;Kevad&#8221;<\/td>\n<td width=\"564\">Kohupiim, suhkur, kogumunamass, nisujahu, puuviljad, puuviljakompott, \u017eelee, vaniliin,<\/td>\n<\/tr>\n<tr>\n<td height=\"17\"><\/td>\n<td>rummiessents, sidrunhape.<\/td>\n<\/tr>\n<tr>\n<td height=\"17\">\u0160efiiritort<\/td>\n<td>Suhkur, kogumunamass, nisujahu , margariin, povidlo, pruun glasuur, vaniljekreem,<\/td>\n<\/tr>\n<tr>\n<td height=\"17\"><\/td>\n<td>munavalgepulber, rummiessents, vaniliin, sidrunhape.<\/td>\n<\/tr>\n<tr>\n<td height=\"17\">P\u00e4hklitort<\/td>\n<td>Suhkur, kogumunamass, nisujahu, maap\u00e4hklid, margariin, vaniljekreem, pruun glasuur,<\/td>\n<\/tr>\n<tr>\n<td height=\"17\"><\/td>\n<td>kakao, rummiessents, vaniliin, sidrunhape.<\/td>\n<\/tr>\n<tr>\n<td height=\"17\">&#8220;Marin&#8221;<\/td>\n<td>Suhkur, marjamoos, nisujahu, margariin, vaniljekreem, pruun glasuur, \u017eelatiin, kogumunamass,<\/td>\n<\/tr>\n<tr>\n<td height=\"17\"><\/td>\n<td>taimne vahukoor, munavalgepulber, toidu\u00f5li, s\u00f6\u00f6gisooda, sool, sidrunhape.<\/td>\n<\/tr>\n<tr>\n<td height=\"17\">Kohupiimatort<\/td>\n<td>Kohupiim(40%), suhkur, aedmarjamoos, kogumunamass, vaniljekreem, pruun ja valge glasuur,<\/td>\n<\/tr>\n<tr>\n<td height=\"17\"><\/td>\n<td>\u017eelatiin, \u017eelee.<\/td>\n<\/tr>\n<tr>\n<td height=\"17\">Jogurtitort<\/td>\n<td>Jogurt, nisujahu, suhkur, maasikad, kogumunamass, margariin, \u017eelatiin, \u017eelee, vaniljekreem<\/td>\n<\/tr>\n<tr>\n<td height=\"17\">&#8220;\u00d5huline&#8221;<\/td>\n<td>Suhkur, kogumunamass, vesi, nisujahu, margariin, vaniljekreem, pruun glasuur, kakao,<\/td>\n<\/tr>\n<tr>\n<td height=\"17\"><\/td>\n<td>munavalge pulber, sidrunhape, rummiessents.<\/td>\n<\/tr>\n<tr>\n<td height=\"17\">Martsipanitort<\/td>\n<td>Martsipan, kohupiim, suhkur, kogumunamass, taimne vahukoor, nisujahu, virsikukompott,<\/td>\n<\/tr>\n<tr>\n<td height=\"17\"><\/td>\n<td>rummiessents, sidrunhape, vaniliin.<\/td>\n<\/tr>\n<\/tbody>\n<\/table>\n<table style=\"border-collapse: collapse; width: 423pt;\" border=\"0\" width=\"564\" cellspacing=\"0\" cellpadding=\"0\">\n<tbody>\n<tr style=\"height: 23.25pt;\">\n<td style=\"height: 23.25pt; width: 423pt;\" width=\"564\" height=\"31\"><strong>Kondiitrik\u00fcpsised<\/strong><\/td>\n<\/tr>\n<\/tbody>\n<\/table>\n<table border=\"0\" width=\"685\" cellspacing=\"0\" cellpadding=\"0\">\n<colgroup>\n<col width=\"121\" \/>\n<col width=\"564\" \/> <\/colgroup>\n<tbody>\n<tr>\n<td width=\"121\" height=\"17\">Kevadlill<\/td>\n<td width=\"564\">Nisujahu, margariin, suhkur, kogumunamass, tume glasuur, vaniliin.<\/td>\n<\/tr>\n<tr>\n<td height=\"17\">Narva<\/td>\n<td>Nisujahu, margariin, suhkur, kogumunamass, kakao, vaniliin.<\/td>\n<\/tr>\n<tr>\n<td height=\"17\">Keeleke<\/td>\n<td>Nisujahu, suhkur, margariin, kogumunamass, vaniliin.<\/td>\n<\/tr>\n<tr>\n<td height=\"17\">Valeeri<\/td>\n<td>Suhkur, nisujahu, margariin, kogumunamass, maap\u00e4hkel, rosin, vaniliin.<\/td>\n<\/tr>\n<tr>\n<td height=\"17\">Soolapulk<\/td>\n<td>Nisujahu, margariin, suhkur, muna, keedusool.<\/td>\n<\/tr>\n<tr>\n<td height=\"17\">Kaneelik\u00fcpsis<\/td>\n<td>Nisujahu, margariin, suhkur, kogumunamass, kaneel, keedusool.<\/td>\n<\/tr>\n<tr>\n<td height=\"17\">Juustuk\u00fcpsis<\/td>\n<td>Nisujahu, margariin, juust(30%), suhkur, kogumunamass, keedusool.<\/td>\n<\/tr>\n<tr>\n<td height=\"17\">&#8220;Jussike&#8221;<\/td>\n<td>Nisujahu, tume glasuur, \u00f5unamoos, margariin, suhkur, kogumunamass, vaniliin.<\/td>\n<\/tr>\n<tr>\n<td height=\"17\">&#8220;Anny&#8221;<\/td>\n<td>Nisujahu, margariin, suhkur, kogumunamass, karamellisegu, valge glasuur.<\/td>\n<\/tr>\n<\/tbody>\n<\/table>\n<\/td>\n<\/tr>\n<\/tbody>\n<\/table>\n","protected":false},"excerpt":{"rendered":"<p>Stritslid ja kringlid. Stritsel Nisujahu,\u00a0 rosinad, suhkur, margariin, kogumunamass, p\u00e4rm, kaneel, keedusool Glasuurstritsel Nisujahu, glasuur(18%)(tuhksuhkur,\u00a0 kakao),\u00a0 rosinad, suhkur, margariin, kogumunamass, p\u00e4rm, kaneel, keedusool. \u00d5unastritsel,\u00d5unap\u00e4rg Nisujahu, \u00f5unad(18%),\u00a0\u00a0 suhkur, margariin, rosinad, kogumunamass, p\u00e4rm,\u017eeleepulber, kaneel,\u00a0 keedusool. Juustustritsel,Juustukringel Nisujahu,\u00a0 juust(15%), margariin, suhkur, p\u00e4rm, keedusool, muna. Pitsastritsel, Pitsakringel Nisujahu,\u00a0 broileriliha, juust, margariin, sink, marineeritud kurk, paprika,suhkur,ket\u0161up, riis, p\u00e4rm, keedusool, sibul, <a href=\"http:\/\/neio.ee\/pagar\/toodangu-koostised\/\">Continue reading &#8594;<\/a><\/p>\n","protected":false},"author":1,"featured_media":0,"parent":0,"menu_order":9,"comment_status":"closed","ping_status":"open","template":"","meta":{"ngg_post_thumbnail":0,"footnotes":""},"_links":{"self":[{"href":"http:\/\/neio.ee\/pagar\/wp-json\/wp\/v2\/pages\/31"}],"collection":[{"href":"http:\/\/neio.ee\/pagar\/wp-json\/wp\/v2\/pages"}],"about":[{"href":"http:\/\/neio.ee\/pagar\/wp-json\/wp\/v2\/types\/page"}],"author":[{"embeddable":true,"href":"http:\/\/neio.ee\/pagar\/wp-json\/wp\/v2\/users\/1"}],"replies":[{"embeddable":true,"href":"http:\/\/neio.ee\/pagar\/wp-json\/wp\/v2\/comments?post=31"}],"version-history":[{"count":3,"href":"http:\/\/neio.ee\/pagar\/wp-json\/wp\/v2\/pages\/31\/revisions"}],"predecessor-version":[{"id":34,"href":"http:\/\/neio.ee\/pagar\/wp-json\/wp\/v2\/pages\/31\/revisions\/34"}],"wp:attachment":[{"href":"http:\/\/neio.ee\/pagar\/wp-json\/wp\/v2\/media?parent=31"}],"curies":[{"name":"wp","href":"https:\/\/api.w.org\/{rel}","templated":true}]}}