{"id":24,"date":"2014-06-11T20:25:43","date_gmt":"2014-06-11T20:25:43","guid":{"rendered":"http:\/\/neio.ee\/pagar\/?page_id=24"},"modified":"2014-06-12T05:44:57","modified_gmt":"2014-06-12T05:44:57","slug":"alguse-lugu","status":"publish","type":"page","link":"http:\/\/neio.ee\/pagar\/alguse-lugu\/","title":{"rendered":"Alguse lugu"},"content":{"rendered":"<p><span style=\"color: #000000;\">Osa\u00fching NEIO on Harjumaal, Kehras asuv<\/span><br style=\"color: #000000;\" \/><span style=\"color: #000000;\">v\u00e4ikeettev\u00f5te, mis on spetsialiseerunud pagari ja kondiitritoodete<\/span><br style=\"color: #000000;\" \/><span style=\"color: #000000;\">valmistamisele. Pereettev\u00f5te asus tegutsema AS Neio -na praegustesse<\/span><br style=\"color: #000000;\" \/><span style=\"color: #000000;\">linnavalitsuse poolt renditavatesse ruumidesse peale nende vastavusseviimist<\/span><br style=\"color: #000000;\" \/><span style=\"color: #000000;\">tootmisvajadustele 1993 a. novembris. Eelnevalt, alates 1988a. algusest toimus<\/span><br style=\"color: #000000;\" \/><span style=\"color: #000000;\">kondiitritoodete (p\u00f5hiliselt k\u00fcpsised) tootmine selleks kohandatud<\/span><br style=\"color: #000000;\" \/><span style=\"color: #000000;\">suurpaneelmaja k\u00f6\u00f6gis t\u00f6\u00f6loa alusel. Tegijaks oli Tiia Neio kahe lapsepuhkuse<\/span><br style=\"color: #000000;\" \/><span style=\"color: #000000;\">kestel. Viimastel aastatel on ettev\u00f5ttes t\u00f6\u00f6lisi 15<\/span><br style=\"color: #000000;\" \/><span style=\"color: #000000;\">ja 20 vahel ning aastak\u00e4ive on 2 miljoni krooni ringis. Ettev\u00f5te m\u00fc\u00fcb oma<\/span><br style=\"color: #000000;\" \/><span style=\"color: #000000;\">toodangut \u00fcmbruskonna ja Tallinna kauplustele.<\/span><\/p>\n","protected":false},"excerpt":{"rendered":"<p>Osa\u00fching NEIO on Harjumaal, Kehras asuvv\u00e4ikeettev\u00f5te, mis on spetsialiseerunud pagari ja kondiitritoodetevalmistamisele. Pereettev\u00f5te asus tegutsema AS Neio -na praegustesselinnavalitsuse poolt renditavatesse ruumidesse peale nende vastavusseviimisttootmisvajadustele 1993 a. novembris. Eelnevalt, alates 1988a. algusest toimuskondiitritoodete (p\u00f5hiliselt k\u00fcpsised) tootmine selleks kohandatudsuurpaneelmaja k\u00f6\u00f6gis t\u00f6\u00f6loa alusel. Tegijaks oli Tiia Neio kahe lapsepuhkusekestel. Viimastel aastatel on ettev\u00f5ttes t\u00f6\u00f6lisi 15ja 20 vahel <a href=\"http:\/\/neio.ee\/pagar\/alguse-lugu\/\">Continue reading &#8594;<\/a><\/p>\n","protected":false},"author":1,"featured_media":0,"parent":0,"menu_order":11,"comment_status":"closed","ping_status":"open","template":"","meta":{"ngg_post_thumbnail":0,"footnotes":""},"_links":{"self":[{"href":"http:\/\/neio.ee\/pagar\/wp-json\/wp\/v2\/pages\/24"}],"collection":[{"href":"http:\/\/neio.ee\/pagar\/wp-json\/wp\/v2\/pages"}],"about":[{"href":"http:\/\/neio.ee\/pagar\/wp-json\/wp\/v2\/types\/page"}],"author":[{"embeddable":true,"href":"http:\/\/neio.ee\/pagar\/wp-json\/wp\/v2\/users\/1"}],"replies":[{"embeddable":true,"href":"http:\/\/neio.ee\/pagar\/wp-json\/wp\/v2\/comments?post=24"}],"version-history":[{"count":1,"href":"http:\/\/neio.ee\/pagar\/wp-json\/wp\/v2\/pages\/24\/revisions"}],"predecessor-version":[{"id":25,"href":"http:\/\/neio.ee\/pagar\/wp-json\/wp\/v2\/pages\/24\/revisions\/25"}],"wp:attachment":[{"href":"http:\/\/neio.ee\/pagar\/wp-json\/wp\/v2\/media?parent=24"}],"curies":[{"name":"wp","href":"https:\/\/api.w.org\/{rel}","templated":true}]}}